{"id":35694,"date":"2024-05-10T18:59:18","date_gmt":"2024-05-10T16:59:18","guid":{"rendered":"https:\/\/ulbrich-maschinenbau.de\/service\/"},"modified":"2024-05-10T19:07:57","modified_gmt":"2024-05-10T17:07:57","slug":"service","status":"publish","type":"page","link":"https:\/\/ulbrich-maschinenbau.de\/en\/service\/","title":{"rendered":"Service"},"content":{"rendered":"<div class=\"fusion-fullwidth fullwidth-box fusion-builder-row-1 fusion-flex-container has-pattern-background has-mask-background nonhundred-percent-fullwidth non-hundred-percent-height-scrolling\" style=\"--awb-border-radius-top-left:0px;--awb-border-radius-top-right:0px;--awb-border-radius-bottom-right:0px;--awb-border-radius-bottom-left:0px;--awb-padding-top:5%;--awb-padding-bottom:5%;--awb-flex-wrap:wrap;\" ><div class=\"fusion-builder-row fusion-row fusion-flex-align-items-flex-start fusion-flex-content-wrap\" style=\"max-width:1216.8px;margin-left: calc(-4% \/ 2 );margin-right: calc(-4% \/ 2 );\"><div class=\"fusion-layout-column fusion_builder_column fusion-builder-column-0 fusion_builder_column_1_1 1_1 fusion-flex-column\" style=\"--awb-bg-size:cover;--awb-width-large:100%;--awb-margin-top-large:15px;--awb-spacing-right-large:1.92%;--awb-margin-bottom-large:15px;--awb-spacing-left-large:1.92%;--awb-width-medium:100%;--awb-order-medium:0;--awb-spacing-right-medium:1.92%;--awb-spacing-left-medium:1.92%;--awb-width-small:100%;--awb-order-small:0;--awb-spacing-right-small:1.92%;--awb-spacing-left-small:1.92%;\"><div class=\"fusion-column-wrapper fusion-column-has-shadow fusion-flex-justify-content-flex-start fusion-content-layout-column\"><div class=\"fusion-title title fusion-title-1 fusion-title-center fusion-title-text fusion-title-size-one\" style=\"--awb-margin-top-small:10px;--awb-margin-right-small:0px;--awb-margin-bottom-small:10px;--awb-margin-left-small:0px;\"><div class=\"title-sep-container title-sep-container-left\"><div class=\"title-sep sep-single sep-solid\" style=\"border-color:var(--awb-color4);\"><\/div><\/div><span class=\"awb-title-spacer\"><\/span><h1 class=\"fusion-title-heading title-heading-center fusion-responsive-typography-calculated\" style=\"margin:0;--fontSize:50;line-height:1.2;\">Maintenance, overhaul and repair<\/h1><span class=\"awb-title-spacer\"><\/span><div class=\"title-sep-container title-sep-container-right\"><div class=\"title-sep sep-single sep-solid\" style=\"border-color:var(--awb-color4);\"><\/div><\/div><\/div><div class=\"fusion-text fusion-text-1\"><p><strong>Are you looking for a reliable partner for the maintenance, overhaul and repair of hydraulic presses? Then you&#8217;ve come to the right place! With many years of experience, we know the weak points and potential of your systems precisely and ensure that they function optimally.<\/strong><\/p>\n<p>We not only offer on-site repairs, but also the expansion of existing systems, UVV inspections and the establishment of CE conformity for your existing systems. We can make your production processes more efficient through automation with machine control systems. Repairs to electrical control systems are also no problem for us. We take care of the new construction or repair of third-party products or older machines. In doing so, we keep the time and costs for you as low as possible.<\/p>\n<p>Our aim is to minimize your production downtime and optimize the performance of your machines. Our highly qualified technicians work quickly and efficiently so that your machines can be put back into operation as quickly as possible. Customer requests are very important to us &#8211; we are happy to incorporate them into our planning so that we can offer you tailor-made solutions. Put your trust in our expertise and let us optimize your production facilities together!<\/p>\n<p>Contact us today and find out more about our comprehensive services. We will be happy to advise you and answer your questions.<\/p>\n<\/div><div ><a class=\"fusion-button button-flat fusion-button-default-size button-default fusion-button-default button-1 fusion-button-default-span fusion-button-default-type\" target=\"_self\" href=\"https:\/\/ulbrich-maschinenbau.de\/en\/contact\/\"><span class=\"fusion-button-text awb-button__text awb-button__text--default\">Get in touch with us<\/span><\/a><\/div><\/div><\/div><\/div><\/div>\n","protected":false},"excerpt":{"rendered":"","protected":false},"author":2,"featured_media":0,"parent":0,"menu_order":0,"comment_status":"closed","ping_status":"closed","template":"100-width.php","meta":{"footnotes":""},"class_list":["post-35694","page","type-page","status-publish","hentry"],"yoast_head":"<!-- This site is optimized with the Yoast SEO plugin v27.3 - https:\/\/yoast.com\/product\/yoast-seo-wordpress\/ -->\n<title>Wartung, \u00dcberholung &amp; Reparatur hydraulischer Pressen - Ulbrich GmbH<\/title>\n<meta name=\"description\" content=\"Sie suchen einen zuverl\u00e4ssigen Partner f\u00fcr Wartung, \u00dcberholung und Reparatur hydraulischer Pressen? Mit langj\u00e4hriger Erfahrung kennen wir die Schwachstellen und Potenziale Ihrer Anlagen genau und sorgen daf\u00fcr, dass sie optimal funktionieren.\" \/>\n<meta name=\"robots\" content=\"index, follow, max-snippet:-1, max-image-preview:large, max-video-preview:-1\" \/>\n<link rel=\"canonical\" href=\"https:\/\/ulbrich-maschinenbau.de\/service\/\" \/>\n<meta property=\"og:locale\" content=\"en_US\" \/>\n<meta property=\"og:type\" content=\"article\" \/>\n<meta property=\"og:title\" content=\"Wartung, \u00dcberholung &amp; Reparatur hydraulischer Pressen - Ulbrich GmbH\" \/>\n<meta property=\"og:description\" content=\"Sie suchen einen zuverl\u00e4ssigen Partner f\u00fcr Wartung, \u00dcberholung und Reparatur hydraulischer Pressen? Mit langj\u00e4hriger Erfahrung kennen wir die Schwachstellen und Potenziale Ihrer Anlagen genau und sorgen daf\u00fcr, dass sie optimal funktionieren.\" \/>\n<meta property=\"og:url\" content=\"https:\/\/ulbrich-maschinenbau.de\/service\/\" \/>\n<meta property=\"og:site_name\" content=\"Ulbrich GmbH\" \/>\n<meta property=\"article:publisher\" content=\"https:\/\/www.facebook.com\/ulbrichmaschinenbau?locale=de_DE\" \/>\n<meta property=\"article:modified_time\" content=\"2024-05-10T17:07:57+00:00\" \/>\n<meta property=\"og:image\" content=\"https:\/\/ulbrich-maschinenbau.de\/wp-content\/uploads\/2025\/01\/ulbrich-logo-400.jpg\" \/>\n\t<meta property=\"og:image:width\" content=\"400\" \/>\n\t<meta property=\"og:image:height\" content=\"150\" \/>\n\t<meta property=\"og:image:type\" content=\"image\/jpeg\" \/>\n<meta name=\"twitter:card\" content=\"summary_large_image\" \/>\n<meta name=\"twitter:label1\" content=\"Est. reading time\" \/>\n\t<meta name=\"twitter:data1\" content=\"2 minutes\" \/>\n<script type=\"application\/ld+json\" class=\"yoast-schema-graph\">{\"@context\":\"https:\\\/\\\/schema.org\",\"@graph\":[{\"@type\":\"WebPage\",\"@id\":\"https:\\\/\\\/ulbrich-maschinenbau.de\\\/service\\\/\",\"url\":\"https:\\\/\\\/ulbrich-maschinenbau.de\\\/service\\\/\",\"name\":\"Wartung, \u00dcberholung & Reparatur hydraulischer Pressen - Ulbrich GmbH\",\"isPartOf\":{\"@id\":\"https:\\\/\\\/p-istvtc.project.space\\\/#website\"},\"datePublished\":\"2024-05-10T16:59:18+00:00\",\"dateModified\":\"2024-05-10T17:07:57+00:00\",\"description\":\"Sie suchen einen zuverl\u00e4ssigen Partner f\u00fcr Wartung, \u00dcberholung und Reparatur hydraulischer Pressen? Mit langj\u00e4hriger Erfahrung kennen wir die Schwachstellen und Potenziale Ihrer Anlagen genau und sorgen daf\u00fcr, dass sie optimal funktionieren.\",\"breadcrumb\":{\"@id\":\"https:\\\/\\\/ulbrich-maschinenbau.de\\\/service\\\/#breadcrumb\"},\"inLanguage\":\"en-US\",\"potentialAction\":[{\"@type\":\"ReadAction\",\"target\":[\"https:\\\/\\\/ulbrich-maschinenbau.de\\\/service\\\/\"]}]},{\"@type\":\"BreadcrumbList\",\"@id\":\"https:\\\/\\\/ulbrich-maschinenbau.de\\\/service\\\/#breadcrumb\",\"itemListElement\":[{\"@type\":\"ListItem\",\"position\":1,\"name\":\"Startseite\",\"item\":\"https:\\\/\\\/ulbrich-maschinenbau.de\\\/\"},{\"@type\":\"ListItem\",\"position\":2,\"name\":\"Service\"}]},{\"@type\":\"WebSite\",\"@id\":\"https:\\\/\\\/p-istvtc.project.space\\\/#website\",\"url\":\"https:\\\/\\\/p-istvtc.project.space\\\/\",\"name\":\"Ulbrich Maschinenbau\",\"description\":\"Anlagen- und Maschinenbau\",\"publisher\":{\"@id\":\"https:\\\/\\\/p-istvtc.project.space\\\/#organization\"},\"alternateName\":\"Ulbrich Maschinenbau\",\"potentialAction\":[{\"@type\":\"SearchAction\",\"target\":{\"@type\":\"EntryPoint\",\"urlTemplate\":\"https:\\\/\\\/p-istvtc.project.space\\\/?s={search_term_string}\"},\"query-input\":{\"@type\":\"PropertyValueSpecification\",\"valueRequired\":true,\"valueName\":\"search_term_string\"}}],\"inLanguage\":\"en-US\"},{\"@type\":\"Organization\",\"@id\":\"https:\\\/\\\/p-istvtc.project.space\\\/#organization\",\"name\":\"Ulbrich Maschinenbau\",\"alternateName\":\"Ulbrich Maschinenbau\",\"url\":\"https:\\\/\\\/p-istvtc.project.space\\\/\",\"logo\":{\"@type\":\"ImageObject\",\"inLanguage\":\"en-US\",\"@id\":\"https:\\\/\\\/p-istvtc.project.space\\\/#\\\/schema\\\/logo\\\/image\\\/\",\"url\":\"https:\\\/\\\/ulbrich-maschinenbau.de\\\/wp-content\\\/uploads\\\/2025\\\/01\\\/ulbrich-logo-400.jpg\",\"contentUrl\":\"https:\\\/\\\/ulbrich-maschinenbau.de\\\/wp-content\\\/uploads\\\/2025\\\/01\\\/ulbrich-logo-400.jpg\",\"width\":400,\"height\":150,\"caption\":\"Ulbrich Maschinenbau\"},\"image\":{\"@id\":\"https:\\\/\\\/p-istvtc.project.space\\\/#\\\/schema\\\/logo\\\/image\\\/\"},\"sameAs\":[\"https:\\\/\\\/www.facebook.com\\\/ulbrichmaschinenbau?locale=de_DE\"]}]}<\/script>\n<!-- \/ Yoast SEO plugin. -->","yoast_head_json":{"title":"Wartung, \u00dcberholung & Reparatur hydraulischer Pressen - Ulbrich GmbH","description":"Sie suchen einen zuverl\u00e4ssigen Partner f\u00fcr Wartung, \u00dcberholung und Reparatur hydraulischer Pressen? Mit langj\u00e4hriger Erfahrung kennen wir die Schwachstellen und Potenziale Ihrer Anlagen genau und sorgen daf\u00fcr, dass sie optimal funktionieren.","robots":{"index":"index","follow":"follow","max-snippet":"max-snippet:-1","max-image-preview":"max-image-preview:large","max-video-preview":"max-video-preview:-1"},"canonical":"https:\/\/ulbrich-maschinenbau.de\/service\/","og_locale":"en_US","og_type":"article","og_title":"Wartung, \u00dcberholung & Reparatur hydraulischer Pressen - Ulbrich GmbH","og_description":"Sie suchen einen zuverl\u00e4ssigen Partner f\u00fcr Wartung, \u00dcberholung und Reparatur hydraulischer Pressen? Mit langj\u00e4hriger Erfahrung kennen wir die Schwachstellen und Potenziale Ihrer Anlagen genau und sorgen daf\u00fcr, dass sie optimal funktionieren.","og_url":"https:\/\/ulbrich-maschinenbau.de\/service\/","og_site_name":"Ulbrich GmbH","article_publisher":"https:\/\/www.facebook.com\/ulbrichmaschinenbau?locale=de_DE","article_modified_time":"2024-05-10T17:07:57+00:00","og_image":[{"width":400,"height":150,"url":"https:\/\/ulbrich-maschinenbau.de\/wp-content\/uploads\/2025\/01\/ulbrich-logo-400.jpg","type":"image\/jpeg"}],"twitter_card":"summary_large_image","twitter_misc":{"Est. reading time":"2 minutes"},"schema":{"@context":"https:\/\/schema.org","@graph":[{"@type":"WebPage","@id":"https:\/\/ulbrich-maschinenbau.de\/service\/","url":"https:\/\/ulbrich-maschinenbau.de\/service\/","name":"Wartung, \u00dcberholung & Reparatur hydraulischer Pressen - Ulbrich GmbH","isPartOf":{"@id":"https:\/\/p-istvtc.project.space\/#website"},"datePublished":"2024-05-10T16:59:18+00:00","dateModified":"2024-05-10T17:07:57+00:00","description":"Sie suchen einen zuverl\u00e4ssigen Partner f\u00fcr Wartung, \u00dcberholung und Reparatur hydraulischer Pressen? Mit langj\u00e4hriger Erfahrung kennen wir die Schwachstellen und Potenziale Ihrer Anlagen genau und sorgen daf\u00fcr, dass sie optimal funktionieren.","breadcrumb":{"@id":"https:\/\/ulbrich-maschinenbau.de\/service\/#breadcrumb"},"inLanguage":"en-US","potentialAction":[{"@type":"ReadAction","target":["https:\/\/ulbrich-maschinenbau.de\/service\/"]}]},{"@type":"BreadcrumbList","@id":"https:\/\/ulbrich-maschinenbau.de\/service\/#breadcrumb","itemListElement":[{"@type":"ListItem","position":1,"name":"Startseite","item":"https:\/\/ulbrich-maschinenbau.de\/"},{"@type":"ListItem","position":2,"name":"Service"}]},{"@type":"WebSite","@id":"https:\/\/p-istvtc.project.space\/#website","url":"https:\/\/p-istvtc.project.space\/","name":"Ulbrich Maschinenbau","description":"Anlagen- und Maschinenbau","publisher":{"@id":"https:\/\/p-istvtc.project.space\/#organization"},"alternateName":"Ulbrich Maschinenbau","potentialAction":[{"@type":"SearchAction","target":{"@type":"EntryPoint","urlTemplate":"https:\/\/p-istvtc.project.space\/?s={search_term_string}"},"query-input":{"@type":"PropertyValueSpecification","valueRequired":true,"valueName":"search_term_string"}}],"inLanguage":"en-US"},{"@type":"Organization","@id":"https:\/\/p-istvtc.project.space\/#organization","name":"Ulbrich Maschinenbau","alternateName":"Ulbrich Maschinenbau","url":"https:\/\/p-istvtc.project.space\/","logo":{"@type":"ImageObject","inLanguage":"en-US","@id":"https:\/\/p-istvtc.project.space\/#\/schema\/logo\/image\/","url":"https:\/\/ulbrich-maschinenbau.de\/wp-content\/uploads\/2025\/01\/ulbrich-logo-400.jpg","contentUrl":"https:\/\/ulbrich-maschinenbau.de\/wp-content\/uploads\/2025\/01\/ulbrich-logo-400.jpg","width":400,"height":150,"caption":"Ulbrich Maschinenbau"},"image":{"@id":"https:\/\/p-istvtc.project.space\/#\/schema\/logo\/image\/"},"sameAs":["https:\/\/www.facebook.com\/ulbrichmaschinenbau?locale=de_DE"]}]}},"_links":{"self":[{"href":"https:\/\/ulbrich-maschinenbau.de\/en\/wp-json\/wp\/v2\/pages\/35694","targetHints":{"allow":["GET"]}}],"collection":[{"href":"https:\/\/ulbrich-maschinenbau.de\/en\/wp-json\/wp\/v2\/pages"}],"about":[{"href":"https:\/\/ulbrich-maschinenbau.de\/en\/wp-json\/wp\/v2\/types\/page"}],"author":[{"embeddable":true,"href":"https:\/\/ulbrich-maschinenbau.de\/en\/wp-json\/wp\/v2\/users\/2"}],"replies":[{"embeddable":true,"href":"https:\/\/ulbrich-maschinenbau.de\/en\/wp-json\/wp\/v2\/comments?post=35694"}],"version-history":[{"count":0,"href":"https:\/\/ulbrich-maschinenbau.de\/en\/wp-json\/wp\/v2\/pages\/35694\/revisions"}],"wp:attachment":[{"href":"https:\/\/ulbrich-maschinenbau.de\/en\/wp-json\/wp\/v2\/media?parent=35694"}],"curies":[{"name":"wp","href":"https:\/\/api.w.org\/{rel}","templated":true}]}}