{"id":18713,"date":"2017-10-12T15:48:28","date_gmt":"2017-10-12T13:48:28","guid":{"rendered":"http:\/\/ulbrich-maschinenbau.de\/produkt\/ulbrich-uvv\/"},"modified":"2017-10-12T15:54:26","modified_gmt":"2017-10-12T13:54:26","slug":"accident-prevention-regulations","status":"publish","type":"product","link":"https:\/\/ulbrich-maschinenbau.de\/en\/produkt\/accident-prevention-regulations\/","title":{"rendered":"Accident prevention regulations"},"content":{"rendered":"","protected":false},"excerpt":{"rendered":"<p>Die Unfallverh\u00fctungsvorschriften(UVV) stellen die f\u00fcr jedes Unternehmen und jeden Versicherten der gesetzlichen Unfallversicherung verbindlichen Pflichten bez\u00fcglich Arbeitssicherheit und Gesundheitsschutz am Arbeitsplatz dar. Diese Arbeitssicherheit gilt auch f\u00fcr hydraulische Pressen. Betreiber sind dazu verpflichtet ihre Maschinen mindestens einmal pro Jahr, durch einen Sachkundigen pr\u00fcfen zu lassen. Regelm\u00e4\u00dfiges Warten der Maschinen reduziert das Unfallrisiko, dadurch werden teure Arbeitsunf\u00e4lle und Folgekosten vermieden. Regelm\u00e4\u00dfiges \u00fcberpr\u00fcfen ihrer Maschinen senkt also nicht nur die Anzahl der Unf\u00e4lle sondern erh\u00f6ht auch die Gebrauchsdauer teurer Hydraulikpressen.<\/p>\n<p>Unsere Mitarbeiter haben jahrelange Erfahrung mit hydraulischen Pressen, sind vom T\u00dcV geschult und haben daher die Bef\u00e4higung und Berechtigung, \u00dcberpr\u00fcfungen und notwendige technische \u00c4nderungen an ihrer Presse vorzunehmen.<\/p>\n<p>Wir beraten sie gerne zum Thema UVV Sicherheitspr\u00fcfung, auch \u00fcber eine Reparatur, Wartung oder Modernisierung ihrer Maschinen.<\/p>\n<p>Grundlage f\u00fcr unsere Arbeit ist zun\u00e4chst die Erfassung der Ist- Situation des Kunden, um so ma\u00dfgeschneiderte L\u00f6sungen f\u00fcr die betrieblichen Anforderungen entwickeln zu k\u00f6nnen. Bei Bedarf erg\u00e4nzen wir aber auch bereits bestehende Systeme mit modernen Steuerungen, um die Produktivit\u00e4t zu steigern. Hierzu beraten wir Sie bei der Auslegung bei der Steuerung sowie der dazu notwendigen Hard- und Software. Auch die Vernetzung mehrerer Anlagen mit modernen Bussystemen oder die Anbindung an bestehende Systeme geh\u00f6rt selbstverst\u00e4ndlich zu unseren M\u00f6glichkeiten. Dabei legen wir Wert auf gr\u00f6\u00dftm\u00f6glichen Bedienkomfort, eine hohe Betriebssicherheit und Wartungsfreundlichkeit.<\/p>\n<p>Eine erfolgreiche Automatisierung kann mit den Systemen verschiedener Hersteller erreicht werden. Hier sind z.B. Simatic S7, Allen Bradley, Mitsubishi zu nennen.<\/p>\n<p><strong>Unsere Pr\u00fcfleistungen umfassen:<\/strong><\/p>\n<ul>\n<li>Komplettes pr\u00fcfen der Presse: Nachlaufmessung, Hydraulik, Mechanik, Elektrik<\/li>\n<li>\u00dcberpr\u00fcfung und falls n\u00f6tig Auswechseln der Hydraulikschl\u00e4uche gem\u00e4\u00df DGUV Regel 113-015<\/li>\n<\/ul>\n<p>Nach einer erfolgreich durchgef\u00fchrten Inbetriebnahme erhalten Sie eine umfangreiche Dokumentation sowie eine Bedienungsanleitung. Eine Schulung von Bedienungs- und Wartungspersonal wird auch angeboten.<br \/>\nNach einer erfolgreichen Pr\u00fcfung oder Reparation ihrer Maschine, wird diese mit einer Pr\u00fcfplakette versehen.<\/p>\n<p>Wir bieten Anlagenservice mit minimalen Reaktionszeiten, Service, Telefonsupport und Fernwartung.<\/p>\n","protected":false},"featured_media":0,"template":"","meta":[],"product_brand":[],"product_cat":[173],"product_tag":[],"class_list":{"0":"post-18713","1":"product","2":"type-product","3":"status-publish","5":"product_cat-accident-prevention-regulations","7":"first","8":"instock","9":"shipping-taxable","10":"product-type-simple"},"yoast_head":"<!-- This site is optimized with the Yoast SEO plugin v27.3 - https:\/\/yoast.com\/product\/yoast-seo-wordpress\/ -->\n<title>Ulbrich Accident prevention regulations - Ulbrich Maschinenbau GmbH<\/title>\n<meta name=\"description\" content=\"Unfallverh\u00fctungsvorschriften - verbindlich f\u00fcr Sicherheut und Gesundheitsschutz am Arbeitsplatz. Arbeitssicherheit gilt auch f\u00fcr hydraulische Pressen.\" \/>\n<meta name=\"robots\" content=\"index, follow, max-snippet:-1, max-image-preview:large, max-video-preview:-1\" \/>\n<link rel=\"canonical\" href=\"https:\/\/ulbrich-maschinenbau.de\/produkt\/ulbrich-uvv\/\" \/>\n<meta property=\"og:locale\" content=\"en_US\" \/>\n<meta property=\"og:type\" content=\"article\" \/>\n<meta property=\"og:title\" content=\"Ulbrich Accident prevention regulations - Ulbrich Maschinenbau GmbH\" \/>\n<meta property=\"og:description\" content=\"Unfallverh\u00fctungsvorschriften - verbindlich f\u00fcr Sicherheut und Gesundheitsschutz am Arbeitsplatz. Arbeitssicherheit gilt auch f\u00fcr hydraulische Pressen.\" \/>\n<meta property=\"og:url\" content=\"https:\/\/ulbrich-maschinenbau.de\/produkt\/ulbrich-uvv\/\" \/>\n<meta property=\"og:site_name\" content=\"Ulbrich GmbH\" \/>\n<meta property=\"article:publisher\" content=\"https:\/\/www.facebook.com\/ulbrichmaschinenbau?locale=de_DE\" \/>\n<meta property=\"article:modified_time\" content=\"2017-10-12T13:54:26+00:00\" \/>\n<meta property=\"og:image\" content=\"https:\/\/ulbrich-maschinenbau.de\/wp-content\/uploads\/2025\/01\/ulbrich-logo-400.jpg\" \/>\n\t<meta property=\"og:image:width\" content=\"400\" \/>\n\t<meta property=\"og:image:height\" content=\"150\" \/>\n\t<meta property=\"og:image:type\" content=\"image\/jpeg\" \/>\n<meta name=\"twitter:card\" content=\"summary_large_image\" \/>\n<script type=\"application\/ld+json\" class=\"yoast-schema-graph\">{\"@context\":\"https:\\\/\\\/schema.org\",\"@graph\":[{\"@type\":\"WebPage\",\"@id\":\"https:\\\/\\\/ulbrich-maschinenbau.de\\\/produkt\\\/ulbrich-uvv\\\/\",\"url\":\"https:\\\/\\\/ulbrich-maschinenbau.de\\\/produkt\\\/ulbrich-uvv\\\/\",\"name\":\"Ulbrich Accident prevention regulations - Ulbrich Maschinenbau GmbH\",\"isPartOf\":{\"@id\":\"https:\\\/\\\/p-istvtc.project.space\\\/#website\"},\"datePublished\":\"2017-10-12T13:48:28+00:00\",\"dateModified\":\"2017-10-12T13:54:26+00:00\",\"description\":\"Unfallverh\u00fctungsvorschriften - verbindlich f\u00fcr Sicherheut und Gesundheitsschutz am Arbeitsplatz. Arbeitssicherheit gilt auch f\u00fcr hydraulische Pressen.\",\"breadcrumb\":{\"@id\":\"https:\\\/\\\/ulbrich-maschinenbau.de\\\/produkt\\\/ulbrich-uvv\\\/#breadcrumb\"},\"inLanguage\":\"en-US\",\"potentialAction\":[{\"@type\":\"ReadAction\",\"target\":[\"https:\\\/\\\/ulbrich-maschinenbau.de\\\/produkt\\\/ulbrich-uvv\\\/\"]}]},{\"@type\":\"BreadcrumbList\",\"@id\":\"https:\\\/\\\/ulbrich-maschinenbau.de\\\/produkt\\\/ulbrich-uvv\\\/#breadcrumb\",\"itemListElement\":[{\"@type\":\"ListItem\",\"position\":1,\"name\":\"Startseite\",\"item\":\"https:\\\/\\\/ulbrich-maschinenbau.de\\\/\"},{\"@type\":\"ListItem\",\"position\":2,\"name\":\"Shop\",\"item\":\"https:\\\/\\\/ulbrich-maschinenbau.de\\\/shop\\\/\"},{\"@type\":\"ListItem\",\"position\":3,\"name\":\"Accident prevention regulations\"}]},{\"@type\":\"WebSite\",\"@id\":\"https:\\\/\\\/p-istvtc.project.space\\\/#website\",\"url\":\"https:\\\/\\\/p-istvtc.project.space\\\/\",\"name\":\"Ulbrich Maschinenbau\",\"description\":\"Anlagen- und Maschinenbau\",\"publisher\":{\"@id\":\"https:\\\/\\\/p-istvtc.project.space\\\/#organization\"},\"alternateName\":\"Ulbrich Maschinenbau\",\"potentialAction\":[{\"@type\":\"SearchAction\",\"target\":{\"@type\":\"EntryPoint\",\"urlTemplate\":\"https:\\\/\\\/p-istvtc.project.space\\\/?s={search_term_string}\"},\"query-input\":{\"@type\":\"PropertyValueSpecification\",\"valueRequired\":true,\"valueName\":\"search_term_string\"}}],\"inLanguage\":\"en-US\"},{\"@type\":\"Organization\",\"@id\":\"https:\\\/\\\/p-istvtc.project.space\\\/#organization\",\"name\":\"Ulbrich Maschinenbau\",\"alternateName\":\"Ulbrich Maschinenbau\",\"url\":\"https:\\\/\\\/p-istvtc.project.space\\\/\",\"logo\":{\"@type\":\"ImageObject\",\"inLanguage\":\"en-US\",\"@id\":\"https:\\\/\\\/p-istvtc.project.space\\\/#\\\/schema\\\/logo\\\/image\\\/\",\"url\":\"https:\\\/\\\/ulbrich-maschinenbau.de\\\/wp-content\\\/uploads\\\/2025\\\/01\\\/ulbrich-logo-400.jpg\",\"contentUrl\":\"https:\\\/\\\/ulbrich-maschinenbau.de\\\/wp-content\\\/uploads\\\/2025\\\/01\\\/ulbrich-logo-400.jpg\",\"width\":400,\"height\":150,\"caption\":\"Ulbrich Maschinenbau\"},\"image\":{\"@id\":\"https:\\\/\\\/p-istvtc.project.space\\\/#\\\/schema\\\/logo\\\/image\\\/\"},\"sameAs\":[\"https:\\\/\\\/www.facebook.com\\\/ulbrichmaschinenbau?locale=de_DE\"]}]}<\/script>\n<!-- \/ Yoast SEO plugin. -->","yoast_head_json":{"title":"Ulbrich Accident prevention regulations - Ulbrich Maschinenbau GmbH","description":"Unfallverh\u00fctungsvorschriften - verbindlich f\u00fcr Sicherheut und Gesundheitsschutz am Arbeitsplatz. Arbeitssicherheit gilt auch f\u00fcr hydraulische Pressen.","robots":{"index":"index","follow":"follow","max-snippet":"max-snippet:-1","max-image-preview":"max-image-preview:large","max-video-preview":"max-video-preview:-1"},"canonical":"https:\/\/ulbrich-maschinenbau.de\/produkt\/ulbrich-uvv\/","og_locale":"en_US","og_type":"article","og_title":"Ulbrich Accident prevention regulations - Ulbrich Maschinenbau GmbH","og_description":"Unfallverh\u00fctungsvorschriften - verbindlich f\u00fcr Sicherheut und Gesundheitsschutz am Arbeitsplatz. Arbeitssicherheit gilt auch f\u00fcr hydraulische Pressen.","og_url":"https:\/\/ulbrich-maschinenbau.de\/produkt\/ulbrich-uvv\/","og_site_name":"Ulbrich GmbH","article_publisher":"https:\/\/www.facebook.com\/ulbrichmaschinenbau?locale=de_DE","article_modified_time":"2017-10-12T13:54:26+00:00","og_image":[{"width":400,"height":150,"url":"https:\/\/ulbrich-maschinenbau.de\/wp-content\/uploads\/2025\/01\/ulbrich-logo-400.jpg","type":"image\/jpeg"}],"twitter_card":"summary_large_image","schema":{"@context":"https:\/\/schema.org","@graph":[{"@type":"WebPage","@id":"https:\/\/ulbrich-maschinenbau.de\/produkt\/ulbrich-uvv\/","url":"https:\/\/ulbrich-maschinenbau.de\/produkt\/ulbrich-uvv\/","name":"Ulbrich Accident prevention regulations - Ulbrich Maschinenbau GmbH","isPartOf":{"@id":"https:\/\/p-istvtc.project.space\/#website"},"datePublished":"2017-10-12T13:48:28+00:00","dateModified":"2017-10-12T13:54:26+00:00","description":"Unfallverh\u00fctungsvorschriften - verbindlich f\u00fcr Sicherheut und Gesundheitsschutz am Arbeitsplatz. Arbeitssicherheit gilt auch f\u00fcr hydraulische Pressen.","breadcrumb":{"@id":"https:\/\/ulbrich-maschinenbau.de\/produkt\/ulbrich-uvv\/#breadcrumb"},"inLanguage":"en-US","potentialAction":[{"@type":"ReadAction","target":["https:\/\/ulbrich-maschinenbau.de\/produkt\/ulbrich-uvv\/"]}]},{"@type":"BreadcrumbList","@id":"https:\/\/ulbrich-maschinenbau.de\/produkt\/ulbrich-uvv\/#breadcrumb","itemListElement":[{"@type":"ListItem","position":1,"name":"Startseite","item":"https:\/\/ulbrich-maschinenbau.de\/"},{"@type":"ListItem","position":2,"name":"Shop","item":"https:\/\/ulbrich-maschinenbau.de\/shop\/"},{"@type":"ListItem","position":3,"name":"Accident prevention regulations"}]},{"@type":"WebSite","@id":"https:\/\/p-istvtc.project.space\/#website","url":"https:\/\/p-istvtc.project.space\/","name":"Ulbrich Maschinenbau","description":"Anlagen- und Maschinenbau","publisher":{"@id":"https:\/\/p-istvtc.project.space\/#organization"},"alternateName":"Ulbrich Maschinenbau","potentialAction":[{"@type":"SearchAction","target":{"@type":"EntryPoint","urlTemplate":"https:\/\/p-istvtc.project.space\/?s={search_term_string}"},"query-input":{"@type":"PropertyValueSpecification","valueRequired":true,"valueName":"search_term_string"}}],"inLanguage":"en-US"},{"@type":"Organization","@id":"https:\/\/p-istvtc.project.space\/#organization","name":"Ulbrich Maschinenbau","alternateName":"Ulbrich Maschinenbau","url":"https:\/\/p-istvtc.project.space\/","logo":{"@type":"ImageObject","inLanguage":"en-US","@id":"https:\/\/p-istvtc.project.space\/#\/schema\/logo\/image\/","url":"https:\/\/ulbrich-maschinenbau.de\/wp-content\/uploads\/2025\/01\/ulbrich-logo-400.jpg","contentUrl":"https:\/\/ulbrich-maschinenbau.de\/wp-content\/uploads\/2025\/01\/ulbrich-logo-400.jpg","width":400,"height":150,"caption":"Ulbrich Maschinenbau"},"image":{"@id":"https:\/\/p-istvtc.project.space\/#\/schema\/logo\/image\/"},"sameAs":["https:\/\/www.facebook.com\/ulbrichmaschinenbau?locale=de_DE"]}]}},"_links":{"self":[{"href":"https:\/\/ulbrich-maschinenbau.de\/en\/wp-json\/wp\/v2\/product\/18713","targetHints":{"allow":["GET"]}}],"collection":[{"href":"https:\/\/ulbrich-maschinenbau.de\/en\/wp-json\/wp\/v2\/product"}],"about":[{"href":"https:\/\/ulbrich-maschinenbau.de\/en\/wp-json\/wp\/v2\/types\/product"}],"wp:attachment":[{"href":"https:\/\/ulbrich-maschinenbau.de\/en\/wp-json\/wp\/v2\/media?parent=18713"}],"wp:term":[{"taxonomy":"product_brand","embeddable":true,"href":"https:\/\/ulbrich-maschinenbau.de\/en\/wp-json\/wp\/v2\/product_brand?post=18713"},{"taxonomy":"product_cat","embeddable":true,"href":"https:\/\/ulbrich-maschinenbau.de\/en\/wp-json\/wp\/v2\/product_cat?post=18713"},{"taxonomy":"product_tag","embeddable":true,"href":"https:\/\/ulbrich-maschinenbau.de\/en\/wp-json\/wp\/v2\/product_tag?post=18713"}],"curies":[{"name":"wp","href":"https:\/\/api.w.org\/{rel}","templated":true}]}}